{"id":1836,"date":"2025-12-27T21:03:18","date_gmt":"2025-12-27T21:03:18","guid":{"rendered":"https:\/\/viktorvonm.com\/?page_id=1836"},"modified":"2025-12-27T21:14:39","modified_gmt":"2025-12-27T21:14:39","slug":"la-baia-blu","status":"publish","type":"page","link":"https:\/\/viktorvonm.com\/index.php\/gallery\/la-baia-blu\/","title":{"rendered":"La Baia Blu"},"content":{"rendered":"\n<blockquote class=\"wp-block-quote is-layout-flow wp-block-quote-is-layout-flow\">\n<p>&#8220;Sono triste tra la gente che mi sta passando accanto<br>Ma la nostalgia di rivedere te \u00e8 forte pi\u00f9 del pianto<br>Questo sole accende sul mio volto un segno di speranza<br>Sto aspettando quando, a un tratto, ti vedr\u00f2 spuntare in lontananza<\/p>\n\n\n\n<p><br>Amore, fai presto, io non resisto<br>Se tu non arrivi non esisto<br>Non esisto, non esisto&#8221;<\/p>\n<cite>Ornella Vanoni &#8211; L&#8217;Appuntamento<\/cite><\/blockquote>\n\n\n\n<p>The nymph is a bust from <a href=\"https:\/\/creepytables.com\/\" target=\"_blank\" rel=\"noreferrer noopener\">Creepytables Miniatures.<\/a><\/p>\n\n\n<div class='pinhole-gallery pinhole-grid pinhole-popup items-hidden  clearfix row'><div class='pinhole-item col-xs-12 col-lg-4 col-md-4 col-sm-6  '><a class=\"item-link\" href=\"https:\/\/viktorvonm.com\/wp-content\/uploads\/2025\/12\/IMG_0162w.jpg\" data-caption=\"[]\" data-meta=\"{&quot;f\\\/6.3&quot;:&quot;Aperture: f\\\/6.3&quot;,&quot;Canon EOS R10&quot;:&quot;Camera: Canon EOS R10&quot;,&quot;89mm&quot;:&quot;Focal length: 89mm&quot;,&quot;1\\\/4s&quot;:&quot;Shutter speed: 1\\\/4s&quot;}\"  data-size=\"{&quot;width&quot;:1000,&quot;height&quot;:1500}\" data-download=\"[]\" data-filename=\"{&quot;name&quot;:&quot;&quot;}\"><img loading=\"lazy\" decoding=\"async\" width=\"378\" height=\"378\" src=\"https:\/\/viktorvonm.com\/wp-content\/uploads\/2025\/12\/IMG_0162w-378x378.jpg\" class=\"attachment-pinhole-col-3-square size-pinhole-col-3-square\" alt=\"\" srcset=\"https:\/\/viktorvonm.com\/wp-content\/uploads\/2025\/12\/IMG_0162w-378x378.jpg 378w, https:\/\/viktorvonm.com\/wp-content\/uploads\/2025\/12\/IMG_0162w-150x150.jpg 150w, https:\/\/viktorvonm.com\/wp-content\/uploads\/2025\/12\/IMG_0162w-582x582.jpg 582w, https:\/\/viktorvonm.com\/wp-content\/uploads\/2025\/12\/IMG_0162w-276x276.jpg 276w\" sizes=\"auto, (max-width: 378px) 100vw, 378px\" \/><\/a><\/div><div class='pinhole-item col-xs-12 col-lg-4 col-md-4 col-sm-6  '><a class=\"item-link\" href=\"https:\/\/viktorvonm.com\/wp-content\/uploads\/2025\/12\/IMG_0163w.jpg\" data-caption=\"{&quot;caption&quot;:&quot;.&quot;}\" data-meta=\"{&quot;f\\\/6.3&quot;:&quot;Aperture: f\\\/6.3&quot;,&quot;Canon EOS R10&quot;:&quot;Camera: Canon EOS R10&quot;,&quot;100mm&quot;:&quot;Focal length: 100mm&quot;,&quot;1\\\/4s&quot;:&quot;Shutter speed: 1\\\/4s&quot;}\"  data-size=\"{&quot;width&quot;:1000,&quot;height&quot;:1500}\" data-download=\"[]\" data-filename=\"{&quot;name&quot;:&quot;&quot;}\"><img loading=\"lazy\" decoding=\"async\" width=\"378\" height=\"378\" src=\"https:\/\/viktorvonm.com\/wp-content\/uploads\/2025\/12\/IMG_0163w-378x378.jpg\" class=\"attachment-pinhole-col-3-square size-pinhole-col-3-square\" alt=\"\" srcset=\"https:\/\/viktorvonm.com\/wp-content\/uploads\/2025\/12\/IMG_0163w-378x378.jpg 378w, https:\/\/viktorvonm.com\/wp-content\/uploads\/2025\/12\/IMG_0163w-150x150.jpg 150w, https:\/\/viktorvonm.com\/wp-content\/uploads\/2025\/12\/IMG_0163w-582x582.jpg 582w, https:\/\/viktorvonm.com\/wp-content\/uploads\/2025\/12\/IMG_0163w-276x276.jpg 276w\" sizes=\"auto, (max-width: 378px) 100vw, 378px\" \/><\/a><\/div><div class='pinhole-item col-xs-12 col-lg-4 col-md-4 col-sm-6  '><a class=\"item-link\" href=\"https:\/\/viktorvonm.com\/wp-content\/uploads\/2025\/12\/IMG_0185w.jpg\" data-caption=\"[]\" data-meta=\"{&quot;f\\\/5.6&quot;:&quot;Aperture: f\\\/5.6&quot;,&quot;Canon EOS R10&quot;:&quot;Camera: Canon EOS R10&quot;,&quot;56mm&quot;:&quot;Focal length: 56mm&quot;,&quot;1\\\/4s&quot;:&quot;Shutter speed: 1\\\/4s&quot;}\"  data-size=\"{&quot;width&quot;:1000,&quot;height&quot;:1500}\" data-download=\"[]\" data-filename=\"{&quot;name&quot;:&quot;&quot;}\"><img loading=\"lazy\" decoding=\"async\" width=\"378\" height=\"378\" src=\"https:\/\/viktorvonm.com\/wp-content\/uploads\/2025\/12\/IMG_0185w-378x378.jpg\" class=\"attachment-pinhole-col-3-square size-pinhole-col-3-square\" alt=\"\" srcset=\"https:\/\/viktorvonm.com\/wp-content\/uploads\/2025\/12\/IMG_0185w-378x378.jpg 378w, https:\/\/viktorvonm.com\/wp-content\/uploads\/2025\/12\/IMG_0185w-150x150.jpg 150w, https:\/\/viktorvonm.com\/wp-content\/uploads\/2025\/12\/IMG_0185w-582x582.jpg 582w, https:\/\/viktorvonm.com\/wp-content\/uploads\/2025\/12\/IMG_0185w-276x276.jpg 276w\" sizes=\"auto, (max-width: 378px) 100vw, 378px\" \/><\/a><\/div><div class='pinhole-item col-xs-12 col-lg-4 col-md-4 col-sm-6  '><a class=\"item-link\" href=\"https:\/\/viktorvonm.com\/wp-content\/uploads\/2025\/12\/IMG_0178w.jpg\" data-caption=\"[]\" data-meta=\"{&quot;f\\\/5.6&quot;:&quot;Aperture: f\\\/5.6&quot;,&quot;Canon EOS R10&quot;:&quot;Camera: Canon EOS R10&quot;,&quot;105mm&quot;:&quot;Focal length: 105mm&quot;,&quot;1\\\/4s&quot;:&quot;Shutter speed: 1\\\/4s&quot;}\"  data-size=\"{&quot;width&quot;:1500,&quot;height&quot;:1000}\" data-download=\"[]\" data-filename=\"{&quot;name&quot;:&quot;&quot;}\"><img loading=\"lazy\" decoding=\"async\" width=\"378\" height=\"378\" src=\"https:\/\/viktorvonm.com\/wp-content\/uploads\/2025\/12\/IMG_0178w-378x378.jpg\" class=\"attachment-pinhole-col-3-square size-pinhole-col-3-square\" alt=\"\" srcset=\"https:\/\/viktorvonm.com\/wp-content\/uploads\/2025\/12\/IMG_0178w-378x378.jpg 378w, https:\/\/viktorvonm.com\/wp-content\/uploads\/2025\/12\/IMG_0178w-150x150.jpg 150w, https:\/\/viktorvonm.com\/wp-content\/uploads\/2025\/12\/IMG_0178w-582x582.jpg 582w, https:\/\/viktorvonm.com\/wp-content\/uploads\/2025\/12\/IMG_0178w-276x276.jpg 276w\" sizes=\"auto, (max-width: 378px) 100vw, 378px\" \/><\/a><\/div><div class='pinhole-item col-xs-12 col-lg-4 col-md-4 col-sm-6  '><a class=\"item-link\" href=\"https:\/\/viktorvonm.com\/wp-content\/uploads\/2025\/12\/IMG_0179w.jpg\" data-caption=\"[]\" data-meta=\"{&quot;f\\\/5.6&quot;:&quot;Aperture: f\\\/5.6&quot;,&quot;Canon EOS R10&quot;:&quot;Camera: Canon EOS R10&quot;,&quot;105mm&quot;:&quot;Focal length: 105mm&quot;,&quot;1\\\/4s&quot;:&quot;Shutter speed: 1\\\/4s&quot;}\"  data-size=\"{&quot;width&quot;:1500,&quot;height&quot;:1000}\" data-download=\"[]\" data-filename=\"{&quot;name&quot;:&quot;&quot;}\"><img loading=\"lazy\" decoding=\"async\" width=\"378\" height=\"378\" src=\"https:\/\/viktorvonm.com\/wp-content\/uploads\/2025\/12\/IMG_0179w-378x378.jpg\" class=\"attachment-pinhole-col-3-square size-pinhole-col-3-square\" alt=\"\" srcset=\"https:\/\/viktorvonm.com\/wp-content\/uploads\/2025\/12\/IMG_0179w-378x378.jpg 378w, https:\/\/viktorvonm.com\/wp-content\/uploads\/2025\/12\/IMG_0179w-150x150.jpg 150w, https:\/\/viktorvonm.com\/wp-content\/uploads\/2025\/12\/IMG_0179w-582x582.jpg 582w, https:\/\/viktorvonm.com\/wp-content\/uploads\/2025\/12\/IMG_0179w-276x276.jpg 276w\" sizes=\"auto, (max-width: 378px) 100vw, 378px\" \/><\/a><\/div><div class='pinhole-item col-xs-12 col-lg-4 col-md-4 col-sm-6  '><a class=\"item-link\" href=\"https:\/\/viktorvonm.com\/wp-content\/uploads\/2025\/12\/IMG_0180w.jpg\" data-caption=\"[]\" data-meta=\"{&quot;f\\\/5.6&quot;:&quot;Aperture: f\\\/5.6&quot;,&quot;Canon EOS R10&quot;:&quot;Camera: Canon EOS R10&quot;,&quot;105mm&quot;:&quot;Focal length: 105mm&quot;,&quot;1\\\/4s&quot;:&quot;Shutter speed: 1\\\/4s&quot;}\"  data-size=\"{&quot;width&quot;:1500,&quot;height&quot;:1000}\" data-download=\"[]\" data-filename=\"{&quot;name&quot;:&quot;&quot;}\"><img loading=\"lazy\" decoding=\"async\" width=\"378\" height=\"378\" src=\"https:\/\/viktorvonm.com\/wp-content\/uploads\/2025\/12\/IMG_0180w-378x378.jpg\" class=\"attachment-pinhole-col-3-square size-pinhole-col-3-square\" alt=\"\" srcset=\"https:\/\/viktorvonm.com\/wp-content\/uploads\/2025\/12\/IMG_0180w-378x378.jpg 378w, https:\/\/viktorvonm.com\/wp-content\/uploads\/2025\/12\/IMG_0180w-150x150.jpg 150w, https:\/\/viktorvonm.com\/wp-content\/uploads\/2025\/12\/IMG_0180w-582x582.jpg 582w, https:\/\/viktorvonm.com\/wp-content\/uploads\/2025\/12\/IMG_0180w-276x276.jpg 276w\" sizes=\"auto, (max-width: 378px) 100vw, 378px\" \/><\/a><\/div><div class='pinhole-item col-xs-12 col-lg-4 col-md-4 col-sm-6  '><a class=\"item-link\" href=\"https:\/\/viktorvonm.com\/wp-content\/uploads\/2025\/12\/IMG_0181w.jpg\" data-caption=\"[]\" data-meta=\"{&quot;f\\\/5.6&quot;:&quot;Aperture: f\\\/5.6&quot;,&quot;Canon EOS R10&quot;:&quot;Camera: Canon EOS R10&quot;,&quot;105mm&quot;:&quot;Focal length: 105mm&quot;,&quot;1\\\/4s&quot;:&quot;Shutter speed: 1\\\/4s&quot;}\"  data-size=\"{&quot;width&quot;:1500,&quot;height&quot;:1000}\" data-download=\"[]\" data-filename=\"{&quot;name&quot;:&quot;&quot;}\"><img loading=\"lazy\" decoding=\"async\" width=\"378\" height=\"378\" src=\"https:\/\/viktorvonm.com\/wp-content\/uploads\/2025\/12\/IMG_0181w-378x378.jpg\" class=\"attachment-pinhole-col-3-square size-pinhole-col-3-square\" alt=\"\" srcset=\"https:\/\/viktorvonm.com\/wp-content\/uploads\/2025\/12\/IMG_0181w-378x378.jpg 378w, https:\/\/viktorvonm.com\/wp-content\/uploads\/2025\/12\/IMG_0181w-150x150.jpg 150w, https:\/\/viktorvonm.com\/wp-content\/uploads\/2025\/12\/IMG_0181w-582x582.jpg 582w, https:\/\/viktorvonm.com\/wp-content\/uploads\/2025\/12\/IMG_0181w-276x276.jpg 276w\" sizes=\"auto, (max-width: 378px) 100vw, 378px\" \/><\/a><\/div><div class='pinhole-item col-xs-12 col-lg-4 col-md-4 col-sm-6  '><a class=\"item-link\" href=\"https:\/\/viktorvonm.com\/wp-content\/uploads\/2025\/12\/IMG_0182w.jpg\" data-caption=\"[]\" data-meta=\"{&quot;f\\\/5.6&quot;:&quot;Aperture: f\\\/5.6&quot;,&quot;Canon EOS R10&quot;:&quot;Camera: Canon EOS R10&quot;,&quot;105mm&quot;:&quot;Focal length: 105mm&quot;,&quot;1\\\/4s&quot;:&quot;Shutter speed: 1\\\/4s&quot;}\"  data-size=\"{&quot;width&quot;:1500,&quot;height&quot;:1000}\" data-download=\"[]\" data-filename=\"{&quot;name&quot;:&quot;&quot;}\"><img loading=\"lazy\" decoding=\"async\" width=\"378\" height=\"378\" src=\"https:\/\/viktorvonm.com\/wp-content\/uploads\/2025\/12\/IMG_0182w-378x378.jpg\" class=\"attachment-pinhole-col-3-square size-pinhole-col-3-square\" alt=\"\" srcset=\"https:\/\/viktorvonm.com\/wp-content\/uploads\/2025\/12\/IMG_0182w-378x378.jpg 378w, https:\/\/viktorvonm.com\/wp-content\/uploads\/2025\/12\/IMG_0182w-150x150.jpg 150w, https:\/\/viktorvonm.com\/wp-content\/uploads\/2025\/12\/IMG_0182w-582x582.jpg 582w, https:\/\/viktorvonm.com\/wp-content\/uploads\/2025\/12\/IMG_0182w-276x276.jpg 276w\" sizes=\"auto, (max-width: 378px) 100vw, 378px\" \/><\/a><\/div><div class='pinhole-item col-xs-12 col-lg-4 col-md-4 col-sm-6  '><a class=\"item-link\" href=\"https:\/\/viktorvonm.com\/wp-content\/uploads\/2025\/12\/IMG_0166w.jpg\" data-caption=\"[]\" data-meta=\"{&quot;f\\\/6.3&quot;:&quot;Aperture: f\\\/6.3&quot;,&quot;Canon EOS R10&quot;:&quot;Camera: Canon EOS R10&quot;,&quot;89mm&quot;:&quot;Focal length: 89mm&quot;,&quot;1\\\/4s&quot;:&quot;Shutter speed: 1\\\/4s&quot;}\"  data-size=\"{&quot;width&quot;:1500,&quot;height&quot;:1000}\" data-download=\"[]\" data-filename=\"{&quot;name&quot;:&quot;&quot;}\"><img loading=\"lazy\" decoding=\"async\" width=\"378\" height=\"378\" src=\"https:\/\/viktorvonm.com\/wp-content\/uploads\/2025\/12\/IMG_0166w-378x378.jpg\" class=\"attachment-pinhole-col-3-square size-pinhole-col-3-square\" alt=\"\" srcset=\"https:\/\/viktorvonm.com\/wp-content\/uploads\/2025\/12\/IMG_0166w-378x378.jpg 378w, https:\/\/viktorvonm.com\/wp-content\/uploads\/2025\/12\/IMG_0166w-150x150.jpg 150w, https:\/\/viktorvonm.com\/wp-content\/uploads\/2025\/12\/IMG_0166w-582x582.jpg 582w, https:\/\/viktorvonm.com\/wp-content\/uploads\/2025\/12\/IMG_0166w-276x276.jpg 276w\" sizes=\"auto, (max-width: 378px) 100vw, 378px\" \/><\/a><\/div><div class='pinhole-item col-xs-12 col-lg-4 col-md-4 col-sm-6  '><a class=\"item-link\" href=\"https:\/\/viktorvonm.com\/wp-content\/uploads\/2025\/12\/IMG_0186w.jpg\" data-caption=\"[]\" data-meta=\"{&quot;f\\\/5.6&quot;:&quot;Aperture: f\\\/5.6&quot;,&quot;Canon EOS R10&quot;:&quot;Camera: Canon EOS R10&quot;,&quot;59mm&quot;:&quot;Focal length: 59mm&quot;,&quot;1\\\/4s&quot;:&quot;Shutter speed: 1\\\/4s&quot;}\"  data-size=\"{&quot;width&quot;:1000,&quot;height&quot;:1500}\" data-download=\"[]\" data-filename=\"{&quot;name&quot;:&quot;&quot;}\"><img loading=\"lazy\" decoding=\"async\" width=\"378\" height=\"378\" src=\"https:\/\/viktorvonm.com\/wp-content\/uploads\/2025\/12\/IMG_0186w-378x378.jpg\" class=\"attachment-pinhole-col-3-square size-pinhole-col-3-square\" alt=\"\" srcset=\"https:\/\/viktorvonm.com\/wp-content\/uploads\/2025\/12\/IMG_0186w-378x378.jpg 378w, https:\/\/viktorvonm.com\/wp-content\/uploads\/2025\/12\/IMG_0186w-150x150.jpg 150w, https:\/\/viktorvonm.com\/wp-content\/uploads\/2025\/12\/IMG_0186w-582x582.jpg 582w, https:\/\/viktorvonm.com\/wp-content\/uploads\/2025\/12\/IMG_0186w-276x276.jpg 276w\" sizes=\"auto, (max-width: 378px) 100vw, 378px\" \/><\/a><\/div><div class='pinhole-item col-xs-12 col-lg-4 col-md-4 col-sm-6  '><a class=\"item-link\" href=\"https:\/\/viktorvonm.com\/wp-content\/uploads\/2025\/12\/IMG_0188w.jpg\" data-caption=\"{&quot;caption&quot;:&quot;:&quot;}\" data-meta=\"{&quot;f\\\/6.3&quot;:&quot;Aperture: f\\\/6.3&quot;,&quot;Canon EOS R10&quot;:&quot;Camera: Canon EOS R10&quot;,&quot;150mm&quot;:&quot;Focal length: 150mm&quot;,&quot;1\\\/4s&quot;:&quot;Shutter speed: 1\\\/4s&quot;}\"  data-size=\"{&quot;width&quot;:1500,&quot;height&quot;:1000}\" data-download=\"[]\" data-filename=\"{&quot;name&quot;:&quot;&quot;}\"><img loading=\"lazy\" decoding=\"async\" width=\"378\" height=\"378\" src=\"https:\/\/viktorvonm.com\/wp-content\/uploads\/2025\/12\/IMG_0188w-378x378.jpg\" class=\"attachment-pinhole-col-3-square size-pinhole-col-3-square\" alt=\"\" srcset=\"https:\/\/viktorvonm.com\/wp-content\/uploads\/2025\/12\/IMG_0188w-378x378.jpg 378w, https:\/\/viktorvonm.com\/wp-content\/uploads\/2025\/12\/IMG_0188w-150x150.jpg 150w, https:\/\/viktorvonm.com\/wp-content\/uploads\/2025\/12\/IMG_0188w-582x582.jpg 582w, https:\/\/viktorvonm.com\/wp-content\/uploads\/2025\/12\/IMG_0188w-276x276.jpg 276w\" sizes=\"auto, (max-width: 378px) 100vw, 378px\" \/><\/a><\/div><div class='pinhole-item col-xs-12 col-lg-4 col-md-4 col-sm-6  '><a class=\"item-link\" href=\"https:\/\/viktorvonm.com\/wp-content\/uploads\/2025\/12\/IMG_0176w.jpg\" data-caption=\"[]\" data-meta=\"{&quot;f\\\/5.6&quot;:&quot;Aperture: f\\\/5.6&quot;,&quot;Canon EOS R10&quot;:&quot;Camera: Canon EOS R10&quot;,&quot;105mm&quot;:&quot;Focal length: 105mm&quot;,&quot;1\\\/4s&quot;:&quot;Shutter speed: 1\\\/4s&quot;}\"  data-size=\"{&quot;width&quot;:1500,&quot;height&quot;:1000}\" data-download=\"[]\" data-filename=\"{&quot;name&quot;:&quot;&quot;}\"><img loading=\"lazy\" decoding=\"async\" width=\"378\" height=\"378\" src=\"https:\/\/viktorvonm.com\/wp-content\/uploads\/2025\/12\/IMG_0176w-378x378.jpg\" class=\"attachment-pinhole-col-3-square size-pinhole-col-3-square\" alt=\"\" srcset=\"https:\/\/viktorvonm.com\/wp-content\/uploads\/2025\/12\/IMG_0176w-378x378.jpg 378w, https:\/\/viktorvonm.com\/wp-content\/uploads\/2025\/12\/IMG_0176w-150x150.jpg 150w, https:\/\/viktorvonm.com\/wp-content\/uploads\/2025\/12\/IMG_0176w-582x582.jpg 582w, https:\/\/viktorvonm.com\/wp-content\/uploads\/2025\/12\/IMG_0176w-276x276.jpg 276w\" sizes=\"auto, (max-width: 378px) 100vw, 378px\" \/><\/a><\/div>\n\t\t<\/div>\n","protected":false},"excerpt":{"rendered":"<p>&#8220;Sono triste tra la gente che mi sta passando accantoMa la nostalgia di rivedere te \u00e8 forte pi\u00f9 del piantoQuesto sole accende sul mio volto un segno di speranzaSto aspettando quando, a un tratto, ti vedr\u00f2 spuntare in lontananza Amore, fai presto, io non resistoSe tu non arrivi non esistoNon esisto, non esisto&#8221; Ornella Vanoni [&hellip;]<\/p>\n","protected":false},"author":1,"featured_media":1832,"parent":840,"menu_order":0,"comment_status":"closed","ping_status":"closed","template":"template-galleries.php","meta":{"_monsterinsights_skip_tracking":false,"_monsterinsights_sitenote_active":false,"_monsterinsights_sitenote_note":"","_monsterinsights_sitenote_category":0,"footnotes":""},"class_list":["post-1836","page","type-page","status-publish","has-post-thumbnail","hentry"],"_links":{"self":[{"href":"https:\/\/viktorvonm.com\/index.php\/wp-json\/wp\/v2\/pages\/1836","targetHints":{"allow":["GET"]}}],"collection":[{"href":"https:\/\/viktorvonm.com\/index.php\/wp-json\/wp\/v2\/pages"}],"about":[{"href":"https:\/\/viktorvonm.com\/index.php\/wp-json\/wp\/v2\/types\/page"}],"author":[{"embeddable":true,"href":"https:\/\/viktorvonm.com\/index.php\/wp-json\/wp\/v2\/users\/1"}],"replies":[{"embeddable":true,"href":"https:\/\/viktorvonm.com\/index.php\/wp-json\/wp\/v2\/comments?post=1836"}],"version-history":[{"count":3,"href":"https:\/\/viktorvonm.com\/index.php\/wp-json\/wp\/v2\/pages\/1836\/revisions"}],"predecessor-version":[{"id":1842,"href":"https:\/\/viktorvonm.com\/index.php\/wp-json\/wp\/v2\/pages\/1836\/revisions\/1842"}],"up":[{"embeddable":true,"href":"https:\/\/viktorvonm.com\/index.php\/wp-json\/wp\/v2\/pages\/840"}],"wp:featuredmedia":[{"embeddable":true,"href":"https:\/\/viktorvonm.com\/index.php\/wp-json\/wp\/v2\/media\/1832"}],"wp:attachment":[{"href":"https:\/\/viktorvonm.com\/index.php\/wp-json\/wp\/v2\/media?parent=1836"}],"curies":[{"name":"wp","href":"https:\/\/api.w.org\/{rel}","templated":true}]}}