{"id":1807,"date":"2025-04-17T20:37:29","date_gmt":"2025-04-17T20:37:29","guid":{"rendered":"https:\/\/viktorvonm.com\/?page_id=1807"},"modified":"2025-04-18T18:48:41","modified_gmt":"2025-04-18T18:48:41","slug":"mi-scheeni-elsass","status":"publish","type":"page","link":"https:\/\/viktorvonm.com\/index.php\/gallery\/mi-scheeni-elsass\/","title":{"rendered":"Mi Scheeni Elsass"},"content":{"rendered":"\n<blockquote class=\"wp-block-quote is-layout-flow wp-block-quote-is-layout-flow\">\n<p>&#8220;Tout \u00e0 coup, \u00e0 un tournant de la route, une brume s\u2019est enlev\u00e9e, et j\u2019ai aper\u00e7u le munster. Il \u00e9tait six heures du matin. L\u2019\u00e9norme cath\u00e9drale, le sommet le plus haut qu\u2019ait b\u00e2ti la main de l\u2019homme apr\u00e8s la grande pyramide, se dessinait nettement sur un fond de montagnes sombres d\u2019une forme magnifique, dans lesquelles le soleil baignait \u00e7\u00e0 et l\u00e0 de larges vall\u00e9es. L\u2019\u0153uvre de Dieu faite pour les hommes, l\u2019\u0153uvre des hommes faite pour Dieu, la montagne et la cath\u00e9drale, luttaient de grandeur.<\/p>\n\n\n\n<p>Je n\u2019ai jamais rien vu de plus imposant.&#8221;<\/p>\n\n\n\n<p>Victor Hugo &#8211; Le Rhin <\/p>\n<\/blockquote>\n\n\n<div class='pinhole-gallery pinhole-grid pinhole-popup items-hidden  clearfix row'><div class='pinhole-item col-xs-12 col-lg-4 col-md-4 col-sm-6  '><a class=\"item-link\" href=\"https:\/\/viktorvonm.com\/wp-content\/uploads\/2025\/04\/IMG_0003rw.jpg\" data-caption=\"[]\" data-meta=\"{&quot;f\\\/6.3&quot;:&quot;Aperture: f\\\/6.3&quot;,&quot;Canon EOS R10&quot;:&quot;Camera: Canon EOS R10&quot;,&quot;56mm&quot;:&quot;Focal length: 56mm&quot;,&quot;1\\\/4s&quot;:&quot;Shutter speed: 1\\\/4s&quot;}\"  data-size=\"{&quot;width&quot;:1000,&quot;height&quot;:1500}\" data-download=\"[]\" data-filename=\"{&quot;name&quot;:&quot;&quot;}\"><img loading=\"lazy\" decoding=\"async\" width=\"378\" height=\"378\" src=\"https:\/\/viktorvonm.com\/wp-content\/uploads\/2025\/04\/IMG_0003rw-378x378.jpg\" class=\"attachment-pinhole-col-3-square size-pinhole-col-3-square\" alt=\"\" srcset=\"https:\/\/viktorvonm.com\/wp-content\/uploads\/2025\/04\/IMG_0003rw-378x378.jpg 378w, https:\/\/viktorvonm.com\/wp-content\/uploads\/2025\/04\/IMG_0003rw-150x150.jpg 150w, https:\/\/viktorvonm.com\/wp-content\/uploads\/2025\/04\/IMG_0003rw-582x582.jpg 582w, https:\/\/viktorvonm.com\/wp-content\/uploads\/2025\/04\/IMG_0003rw-276x276.jpg 276w\" sizes=\"auto, (max-width: 378px) 100vw, 378px\" \/><\/a><\/div><div class='pinhole-item col-xs-12 col-lg-4 col-md-4 col-sm-6  '><a class=\"item-link\" href=\"https:\/\/viktorvonm.com\/wp-content\/uploads\/2025\/04\/IMG_0007rw.jpg\" data-caption=\"[]\" data-meta=\"{&quot;f\\\/6.3&quot;:&quot;Aperture: f\\\/6.3&quot;,&quot;Canon EOS R10&quot;:&quot;Camera: Canon EOS R10&quot;,&quot;62mm&quot;:&quot;Focal length: 62mm&quot;,&quot;1\\\/4s&quot;:&quot;Shutter speed: 1\\\/4s&quot;}\"  data-size=\"{&quot;width&quot;:1000,&quot;height&quot;:1500}\" data-download=\"[]\" data-filename=\"{&quot;name&quot;:&quot;&quot;}\"><img loading=\"lazy\" decoding=\"async\" width=\"378\" height=\"378\" src=\"https:\/\/viktorvonm.com\/wp-content\/uploads\/2025\/04\/IMG_0007rw-378x378.jpg\" class=\"attachment-pinhole-col-3-square size-pinhole-col-3-square\" alt=\"\" srcset=\"https:\/\/viktorvonm.com\/wp-content\/uploads\/2025\/04\/IMG_0007rw-378x378.jpg 378w, https:\/\/viktorvonm.com\/wp-content\/uploads\/2025\/04\/IMG_0007rw-150x150.jpg 150w, https:\/\/viktorvonm.com\/wp-content\/uploads\/2025\/04\/IMG_0007rw-582x582.jpg 582w, https:\/\/viktorvonm.com\/wp-content\/uploads\/2025\/04\/IMG_0007rw-276x276.jpg 276w\" sizes=\"auto, (max-width: 378px) 100vw, 378px\" \/><\/a><\/div><div class='pinhole-item col-xs-12 col-lg-4 col-md-4 col-sm-6  '><a class=\"item-link\" href=\"https:\/\/viktorvonm.com\/wp-content\/uploads\/2025\/04\/IMG_0008rw.jpg\" data-caption=\"[]\" data-meta=\"{&quot;f\\\/6.3&quot;:&quot;Aperture: f\\\/6.3&quot;,&quot;Canon EOS R10&quot;:&quot;Camera: Canon EOS R10&quot;,&quot;62mm&quot;:&quot;Focal length: 62mm&quot;,&quot;1\\\/4s&quot;:&quot;Shutter speed: 1\\\/4s&quot;}\"  data-size=\"{&quot;width&quot;:1500,&quot;height&quot;:1000}\" data-download=\"[]\" data-filename=\"{&quot;name&quot;:&quot;&quot;}\"><img loading=\"lazy\" decoding=\"async\" width=\"378\" height=\"378\" src=\"https:\/\/viktorvonm.com\/wp-content\/uploads\/2025\/04\/IMG_0008rw-378x378.jpg\" class=\"attachment-pinhole-col-3-square size-pinhole-col-3-square\" alt=\"\" srcset=\"https:\/\/viktorvonm.com\/wp-content\/uploads\/2025\/04\/IMG_0008rw-378x378.jpg 378w, https:\/\/viktorvonm.com\/wp-content\/uploads\/2025\/04\/IMG_0008rw-150x150.jpg 150w, https:\/\/viktorvonm.com\/wp-content\/uploads\/2025\/04\/IMG_0008rw-582x582.jpg 582w, https:\/\/viktorvonm.com\/wp-content\/uploads\/2025\/04\/IMG_0008rw-276x276.jpg 276w\" sizes=\"auto, (max-width: 378px) 100vw, 378px\" \/><\/a><\/div><div class='pinhole-item col-xs-12 col-lg-4 col-md-4 col-sm-6  '><a class=\"item-link\" href=\"https:\/\/viktorvonm.com\/wp-content\/uploads\/2025\/04\/IMG_0011rw.jpg\" data-caption=\"[]\" data-meta=\"{&quot;f\\\/6.3&quot;:&quot;Aperture: f\\\/6.3&quot;,&quot;Canon EOS R10&quot;:&quot;Camera: Canon EOS R10&quot;,&quot;105mm&quot;:&quot;Focal length: 105mm&quot;,&quot;1\\\/4s&quot;:&quot;Shutter speed: 1\\\/4s&quot;}\"  data-size=\"{&quot;width&quot;:1500,&quot;height&quot;:1000}\" data-download=\"[]\" data-filename=\"{&quot;name&quot;:&quot;&quot;}\"><img loading=\"lazy\" decoding=\"async\" width=\"378\" height=\"378\" src=\"https:\/\/viktorvonm.com\/wp-content\/uploads\/2025\/04\/IMG_0011rw-378x378.jpg\" class=\"attachment-pinhole-col-3-square size-pinhole-col-3-square\" alt=\"\" srcset=\"https:\/\/viktorvonm.com\/wp-content\/uploads\/2025\/04\/IMG_0011rw-378x378.jpg 378w, https:\/\/viktorvonm.com\/wp-content\/uploads\/2025\/04\/IMG_0011rw-150x150.jpg 150w, https:\/\/viktorvonm.com\/wp-content\/uploads\/2025\/04\/IMG_0011rw-582x582.jpg 582w, https:\/\/viktorvonm.com\/wp-content\/uploads\/2025\/04\/IMG_0011rw-276x276.jpg 276w\" sizes=\"auto, (max-width: 378px) 100vw, 378px\" \/><\/a><\/div><div class='pinhole-item col-xs-12 col-lg-4 col-md-4 col-sm-6  '><a class=\"item-link\" href=\"https:\/\/viktorvonm.com\/wp-content\/uploads\/2025\/04\/IMG_0021rw.jpg\" data-caption=\"[]\" data-meta=\"{&quot;f\\\/6.3&quot;:&quot;Aperture: f\\\/6.3&quot;,&quot;Canon EOS R10&quot;:&quot;Camera: Canon EOS R10&quot;,&quot;105mm&quot;:&quot;Focal length: 105mm&quot;,&quot;1\\\/4s&quot;:&quot;Shutter speed: 1\\\/4s&quot;}\"  data-size=\"{&quot;width&quot;:1500,&quot;height&quot;:1000}\" data-download=\"[]\" data-filename=\"{&quot;name&quot;:&quot;&quot;}\"><img loading=\"lazy\" decoding=\"async\" width=\"378\" height=\"378\" src=\"https:\/\/viktorvonm.com\/wp-content\/uploads\/2025\/04\/IMG_0021rw-378x378.jpg\" class=\"attachment-pinhole-col-3-square size-pinhole-col-3-square\" alt=\"\" srcset=\"https:\/\/viktorvonm.com\/wp-content\/uploads\/2025\/04\/IMG_0021rw-378x378.jpg 378w, https:\/\/viktorvonm.com\/wp-content\/uploads\/2025\/04\/IMG_0021rw-150x150.jpg 150w, https:\/\/viktorvonm.com\/wp-content\/uploads\/2025\/04\/IMG_0021rw-582x582.jpg 582w, https:\/\/viktorvonm.com\/wp-content\/uploads\/2025\/04\/IMG_0021rw-276x276.jpg 276w\" sizes=\"auto, (max-width: 378px) 100vw, 378px\" \/><\/a><\/div><div class='pinhole-item col-xs-12 col-lg-4 col-md-4 col-sm-6  '><a class=\"item-link\" href=\"https:\/\/viktorvonm.com\/wp-content\/uploads\/2025\/04\/IMG_0022rw.jpg\" data-caption=\"[]\" data-meta=\"{&quot;f\\\/6.3&quot;:&quot;Aperture: f\\\/6.3&quot;,&quot;Canon EOS R10&quot;:&quot;Camera: Canon EOS R10&quot;,&quot;105mm&quot;:&quot;Focal length: 105mm&quot;,&quot;1\\\/4s&quot;:&quot;Shutter speed: 1\\\/4s&quot;}\"  data-size=\"{&quot;width&quot;:1500,&quot;height&quot;:1000}\" data-download=\"[]\" data-filename=\"{&quot;name&quot;:&quot;&quot;}\"><img loading=\"lazy\" decoding=\"async\" width=\"378\" height=\"378\" src=\"https:\/\/viktorvonm.com\/wp-content\/uploads\/2025\/04\/IMG_0022rw-378x378.jpg\" class=\"attachment-pinhole-col-3-square size-pinhole-col-3-square\" alt=\"\" srcset=\"https:\/\/viktorvonm.com\/wp-content\/uploads\/2025\/04\/IMG_0022rw-378x378.jpg 378w, https:\/\/viktorvonm.com\/wp-content\/uploads\/2025\/04\/IMG_0022rw-150x150.jpg 150w, https:\/\/viktorvonm.com\/wp-content\/uploads\/2025\/04\/IMG_0022rw-582x582.jpg 582w, https:\/\/viktorvonm.com\/wp-content\/uploads\/2025\/04\/IMG_0022rw-276x276.jpg 276w\" sizes=\"auto, (max-width: 378px) 100vw, 378px\" \/><\/a><\/div><div class='pinhole-item col-xs-12 col-lg-4 col-md-4 col-sm-6  '><a class=\"item-link\" href=\"https:\/\/viktorvonm.com\/wp-content\/uploads\/2025\/04\/IMG_0024rw.jpg\" data-caption=\"[]\" data-meta=\"{&quot;f\\\/6.3&quot;:&quot;Aperture: f\\\/6.3&quot;,&quot;Canon EOS R10&quot;:&quot;Camera: Canon EOS R10&quot;,&quot;105mm&quot;:&quot;Focal length: 105mm&quot;,&quot;1\\\/4s&quot;:&quot;Shutter speed: 1\\\/4s&quot;}\"  data-size=\"{&quot;width&quot;:1500,&quot;height&quot;:1000}\" data-download=\"[]\" data-filename=\"{&quot;name&quot;:&quot;&quot;}\"><img loading=\"lazy\" decoding=\"async\" width=\"378\" height=\"378\" src=\"https:\/\/viktorvonm.com\/wp-content\/uploads\/2025\/04\/IMG_0024rw-378x378.jpg\" class=\"attachment-pinhole-col-3-square size-pinhole-col-3-square\" alt=\"\" srcset=\"https:\/\/viktorvonm.com\/wp-content\/uploads\/2025\/04\/IMG_0024rw-378x378.jpg 378w, https:\/\/viktorvonm.com\/wp-content\/uploads\/2025\/04\/IMG_0024rw-150x150.jpg 150w, https:\/\/viktorvonm.com\/wp-content\/uploads\/2025\/04\/IMG_0024rw-582x582.jpg 582w, https:\/\/viktorvonm.com\/wp-content\/uploads\/2025\/04\/IMG_0024rw-276x276.jpg 276w\" sizes=\"auto, (max-width: 378px) 100vw, 378px\" \/><\/a><\/div><div class='pinhole-item col-xs-12 col-lg-4 col-md-4 col-sm-6  '><a class=\"item-link\" href=\"https:\/\/viktorvonm.com\/wp-content\/uploads\/2025\/04\/IMG_0056rw.jpg\" data-caption=\"[]\" data-meta=\"{&quot;f\\\/5.6&quot;:&quot;Aperture: f\\\/5.6&quot;,&quot;Canon EOS R10&quot;:&quot;Camera: Canon EOS R10&quot;,&quot;105mm&quot;:&quot;Focal length: 105mm&quot;,&quot;1\\\/4s&quot;:&quot;Shutter speed: 1\\\/4s&quot;}\"  data-size=\"{&quot;width&quot;:1500,&quot;height&quot;:1000}\" data-download=\"[]\" data-filename=\"{&quot;name&quot;:&quot;&quot;}\"><img loading=\"lazy\" decoding=\"async\" width=\"378\" height=\"378\" src=\"https:\/\/viktorvonm.com\/wp-content\/uploads\/2025\/04\/IMG_0056rw-378x378.jpg\" class=\"attachment-pinhole-col-3-square size-pinhole-col-3-square\" alt=\"\" srcset=\"https:\/\/viktorvonm.com\/wp-content\/uploads\/2025\/04\/IMG_0056rw-378x378.jpg 378w, https:\/\/viktorvonm.com\/wp-content\/uploads\/2025\/04\/IMG_0056rw-150x150.jpg 150w, https:\/\/viktorvonm.com\/wp-content\/uploads\/2025\/04\/IMG_0056rw-582x582.jpg 582w, https:\/\/viktorvonm.com\/wp-content\/uploads\/2025\/04\/IMG_0056rw-276x276.jpg 276w\" sizes=\"auto, (max-width: 378px) 100vw, 378px\" \/><\/a><\/div><div class='pinhole-item col-xs-12 col-lg-4 col-md-4 col-sm-6  '><a class=\"item-link\" href=\"https:\/\/viktorvonm.com\/wp-content\/uploads\/2025\/04\/IMG_0041rw.jpg\" data-caption=\"[]\" data-meta=\"{&quot;f\\\/6.3&quot;:&quot;Aperture: f\\\/6.3&quot;,&quot;Canon EOS R10&quot;:&quot;Camera: Canon EOS R10&quot;,&quot;105mm&quot;:&quot;Focal length: 105mm&quot;,&quot;1\\\/4s&quot;:&quot;Shutter speed: 1\\\/4s&quot;}\"  data-size=\"{&quot;width&quot;:1500,&quot;height&quot;:1000}\" data-download=\"[]\" data-filename=\"{&quot;name&quot;:&quot;&quot;}\"><img loading=\"lazy\" decoding=\"async\" width=\"378\" height=\"378\" src=\"https:\/\/viktorvonm.com\/wp-content\/uploads\/2025\/04\/IMG_0041rw-378x378.jpg\" class=\"attachment-pinhole-col-3-square size-pinhole-col-3-square\" alt=\"\" srcset=\"https:\/\/viktorvonm.com\/wp-content\/uploads\/2025\/04\/IMG_0041rw-378x378.jpg 378w, https:\/\/viktorvonm.com\/wp-content\/uploads\/2025\/04\/IMG_0041rw-150x150.jpg 150w, https:\/\/viktorvonm.com\/wp-content\/uploads\/2025\/04\/IMG_0041rw-582x582.jpg 582w, https:\/\/viktorvonm.com\/wp-content\/uploads\/2025\/04\/IMG_0041rw-276x276.jpg 276w\" sizes=\"auto, (max-width: 378px) 100vw, 378px\" \/><\/a><\/div><div class='pinhole-item col-xs-12 col-lg-4 col-md-4 col-sm-6  '><a class=\"item-link\" href=\"https:\/\/viktorvonm.com\/wp-content\/uploads\/2025\/04\/IMG_0019rw.jpg\" data-caption=\"[]\" data-meta=\"{&quot;f\\\/6.3&quot;:&quot;Aperture: f\\\/6.3&quot;,&quot;Canon EOS R10&quot;:&quot;Camera: Canon EOS R10&quot;,&quot;105mm&quot;:&quot;Focal length: 105mm&quot;,&quot;1\\\/4s&quot;:&quot;Shutter speed: 1\\\/4s&quot;}\"  data-size=\"{&quot;width&quot;:1500,&quot;height&quot;:1000}\" data-download=\"[]\" data-filename=\"{&quot;name&quot;:&quot;&quot;}\"><img loading=\"lazy\" decoding=\"async\" width=\"378\" height=\"378\" src=\"https:\/\/viktorvonm.com\/wp-content\/uploads\/2025\/04\/IMG_0019rw-378x378.jpg\" class=\"attachment-pinhole-col-3-square size-pinhole-col-3-square\" alt=\"\" srcset=\"https:\/\/viktorvonm.com\/wp-content\/uploads\/2025\/04\/IMG_0019rw-378x378.jpg 378w, https:\/\/viktorvonm.com\/wp-content\/uploads\/2025\/04\/IMG_0019rw-150x150.jpg 150w, https:\/\/viktorvonm.com\/wp-content\/uploads\/2025\/04\/IMG_0019rw-582x582.jpg 582w, https:\/\/viktorvonm.com\/wp-content\/uploads\/2025\/04\/IMG_0019rw-276x276.jpg 276w\" sizes=\"auto, (max-width: 378px) 100vw, 378px\" \/><\/a><\/div><div class='pinhole-item col-xs-12 col-lg-4 col-md-4 col-sm-6  '><a class=\"item-link\" href=\"https:\/\/viktorvonm.com\/wp-content\/uploads\/2025\/04\/IMG_0018rw.jpg\" data-caption=\"[]\" data-meta=\"{&quot;f\\\/6.3&quot;:&quot;Aperture: f\\\/6.3&quot;,&quot;Canon EOS R10&quot;:&quot;Camera: Canon EOS R10&quot;,&quot;105mm&quot;:&quot;Focal length: 105mm&quot;,&quot;1\\\/4s&quot;:&quot;Shutter speed: 1\\\/4s&quot;}\"  data-size=\"{&quot;width&quot;:1500,&quot;height&quot;:1000}\" data-download=\"[]\" data-filename=\"{&quot;name&quot;:&quot;&quot;}\"><img loading=\"lazy\" decoding=\"async\" width=\"378\" height=\"378\" src=\"https:\/\/viktorvonm.com\/wp-content\/uploads\/2025\/04\/IMG_0018rw-378x378.jpg\" class=\"attachment-pinhole-col-3-square size-pinhole-col-3-square\" alt=\"\" srcset=\"https:\/\/viktorvonm.com\/wp-content\/uploads\/2025\/04\/IMG_0018rw-378x378.jpg 378w, https:\/\/viktorvonm.com\/wp-content\/uploads\/2025\/04\/IMG_0018rw-150x150.jpg 150w, https:\/\/viktorvonm.com\/wp-content\/uploads\/2025\/04\/IMG_0018rw-582x582.jpg 582w, https:\/\/viktorvonm.com\/wp-content\/uploads\/2025\/04\/IMG_0018rw-276x276.jpg 276w\" sizes=\"auto, (max-width: 378px) 100vw, 378px\" \/><\/a><\/div><div class='pinhole-item col-xs-12 col-lg-4 col-md-4 col-sm-6  '><a class=\"item-link\" href=\"https:\/\/viktorvonm.com\/wp-content\/uploads\/2025\/04\/IMG_0028rw.jpg\" data-caption=\"[]\" data-meta=\"{&quot;f\\\/6.3&quot;:&quot;Aperture: f\\\/6.3&quot;,&quot;Canon EOS R10&quot;:&quot;Camera: Canon EOS R10&quot;,&quot;105mm&quot;:&quot;Focal length: 105mm&quot;,&quot;1\\\/4s&quot;:&quot;Shutter speed: 1\\\/4s&quot;}\"  data-size=\"{&quot;width&quot;:1000,&quot;height&quot;:1500}\" data-download=\"[]\" data-filename=\"{&quot;name&quot;:&quot;&quot;}\"><img loading=\"lazy\" decoding=\"async\" width=\"378\" height=\"378\" src=\"https:\/\/viktorvonm.com\/wp-content\/uploads\/2025\/04\/IMG_0028rw-378x378.jpg\" class=\"attachment-pinhole-col-3-square size-pinhole-col-3-square\" alt=\"\" srcset=\"https:\/\/viktorvonm.com\/wp-content\/uploads\/2025\/04\/IMG_0028rw-378x378.jpg 378w, https:\/\/viktorvonm.com\/wp-content\/uploads\/2025\/04\/IMG_0028rw-150x150.jpg 150w, https:\/\/viktorvonm.com\/wp-content\/uploads\/2025\/04\/IMG_0028rw-582x582.jpg 582w, https:\/\/viktorvonm.com\/wp-content\/uploads\/2025\/04\/IMG_0028rw-276x276.jpg 276w\" sizes=\"auto, (max-width: 378px) 100vw, 378px\" \/><\/a><\/div><div class='pinhole-item col-xs-12 col-lg-4 col-md-4 col-sm-6  '><a class=\"item-link\" href=\"https:\/\/viktorvonm.com\/wp-content\/uploads\/2025\/04\/IMG_0064rw-1.jpg\" data-caption=\"[]\" data-meta=\"{&quot;f\\\/6.3&quot;:&quot;Aperture: f\\\/6.3&quot;,&quot;Canon EOS R10&quot;:&quot;Camera: Canon EOS R10&quot;,&quot;76mm&quot;:&quot;Focal length: 76mm&quot;,&quot;1\\\/4s&quot;:&quot;Shutter speed: 1\\\/4s&quot;}\"  data-size=\"{&quot;width&quot;:1000,&quot;height&quot;:1500}\" data-download=\"[]\" data-filename=\"{&quot;name&quot;:&quot;&quot;}\"><img loading=\"lazy\" decoding=\"async\" width=\"378\" height=\"378\" src=\"https:\/\/viktorvonm.com\/wp-content\/uploads\/2025\/04\/IMG_0064rw-1-378x378.jpg\" class=\"attachment-pinhole-col-3-square size-pinhole-col-3-square\" alt=\"\" srcset=\"https:\/\/viktorvonm.com\/wp-content\/uploads\/2025\/04\/IMG_0064rw-1-378x378.jpg 378w, https:\/\/viktorvonm.com\/wp-content\/uploads\/2025\/04\/IMG_0064rw-1-150x150.jpg 150w, https:\/\/viktorvonm.com\/wp-content\/uploads\/2025\/04\/IMG_0064rw-1-582x582.jpg 582w, https:\/\/viktorvonm.com\/wp-content\/uploads\/2025\/04\/IMG_0064rw-1-276x276.jpg 276w\" sizes=\"auto, (max-width: 378px) 100vw, 378px\" \/><\/a><\/div><div class='pinhole-item col-xs-12 col-lg-4 col-md-4 col-sm-6  '><a class=\"item-link\" href=\"https:\/\/viktorvonm.com\/wp-content\/uploads\/2025\/04\/IMG_0027rw.jpg\" data-caption=\"[]\" data-meta=\"{&quot;f\\\/6.3&quot;:&quot;Aperture: f\\\/6.3&quot;,&quot;Canon EOS R10&quot;:&quot;Camera: Canon EOS R10&quot;,&quot;105mm&quot;:&quot;Focal length: 105mm&quot;,&quot;1\\\/4s&quot;:&quot;Shutter speed: 1\\\/4s&quot;}\"  data-size=\"{&quot;width&quot;:1000,&quot;height&quot;:1500}\" data-download=\"[]\" data-filename=\"{&quot;name&quot;:&quot;&quot;}\"><img loading=\"lazy\" decoding=\"async\" width=\"378\" height=\"378\" src=\"https:\/\/viktorvonm.com\/wp-content\/uploads\/2025\/04\/IMG_0027rw-378x378.jpg\" class=\"attachment-pinhole-col-3-square size-pinhole-col-3-square\" alt=\"\" srcset=\"https:\/\/viktorvonm.com\/wp-content\/uploads\/2025\/04\/IMG_0027rw-378x378.jpg 378w, https:\/\/viktorvonm.com\/wp-content\/uploads\/2025\/04\/IMG_0027rw-150x150.jpg 150w, https:\/\/viktorvonm.com\/wp-content\/uploads\/2025\/04\/IMG_0027rw-582x582.jpg 582w, https:\/\/viktorvonm.com\/wp-content\/uploads\/2025\/04\/IMG_0027rw-276x276.jpg 276w\" sizes=\"auto, (max-width: 378px) 100vw, 378px\" \/><\/a><\/div><div class='pinhole-item col-xs-12 col-lg-4 col-md-4 col-sm-6  '><a class=\"item-link\" href=\"https:\/\/viktorvonm.com\/wp-content\/uploads\/2025\/04\/IMG_0029rw.jpg\" data-caption=\"[]\" data-meta=\"{&quot;f\\\/6.3&quot;:&quot;Aperture: f\\\/6.3&quot;,&quot;Canon EOS R10&quot;:&quot;Camera: Canon EOS R10&quot;,&quot;105mm&quot;:&quot;Focal length: 105mm&quot;,&quot;1\\\/4s&quot;:&quot;Shutter speed: 1\\\/4s&quot;}\"  data-size=\"{&quot;width&quot;:1000,&quot;height&quot;:1500}\" data-download=\"[]\" data-filename=\"{&quot;name&quot;:&quot;&quot;}\"><img loading=\"lazy\" decoding=\"async\" width=\"378\" height=\"378\" src=\"https:\/\/viktorvonm.com\/wp-content\/uploads\/2025\/04\/IMG_0029rw-378x378.jpg\" class=\"attachment-pinhole-col-3-square size-pinhole-col-3-square\" alt=\"\" srcset=\"https:\/\/viktorvonm.com\/wp-content\/uploads\/2025\/04\/IMG_0029rw-378x378.jpg 378w, https:\/\/viktorvonm.com\/wp-content\/uploads\/2025\/04\/IMG_0029rw-150x150.jpg 150w, https:\/\/viktorvonm.com\/wp-content\/uploads\/2025\/04\/IMG_0029rw-582x582.jpg 582w, https:\/\/viktorvonm.com\/wp-content\/uploads\/2025\/04\/IMG_0029rw-276x276.jpg 276w\" sizes=\"auto, (max-width: 378px) 100vw, 378px\" \/><\/a><\/div><div class='pinhole-item col-xs-12 col-lg-4 col-md-4 col-sm-6  '><a class=\"item-link\" href=\"https:\/\/viktorvonm.com\/wp-content\/uploads\/2025\/04\/IMG_0030rw.jpg\" data-caption=\"[]\" data-meta=\"{&quot;f\\\/6.3&quot;:&quot;Aperture: f\\\/6.3&quot;,&quot;Canon EOS R10&quot;:&quot;Camera: Canon EOS R10&quot;,&quot;105mm&quot;:&quot;Focal length: 105mm&quot;,&quot;1\\\/4s&quot;:&quot;Shutter speed: 1\\\/4s&quot;}\"  data-size=\"{&quot;width&quot;:1000,&quot;height&quot;:1500}\" data-download=\"[]\" data-filename=\"{&quot;name&quot;:&quot;&quot;}\"><img loading=\"lazy\" decoding=\"async\" width=\"378\" height=\"378\" src=\"https:\/\/viktorvonm.com\/wp-content\/uploads\/2025\/04\/IMG_0030rw-378x378.jpg\" class=\"attachment-pinhole-col-3-square size-pinhole-col-3-square\" alt=\"\" srcset=\"https:\/\/viktorvonm.com\/wp-content\/uploads\/2025\/04\/IMG_0030rw-378x378.jpg 378w, https:\/\/viktorvonm.com\/wp-content\/uploads\/2025\/04\/IMG_0030rw-150x150.jpg 150w, https:\/\/viktorvonm.com\/wp-content\/uploads\/2025\/04\/IMG_0030rw-582x582.jpg 582w, https:\/\/viktorvonm.com\/wp-content\/uploads\/2025\/04\/IMG_0030rw-276x276.jpg 276w\" sizes=\"auto, (max-width: 378px) 100vw, 378px\" \/><\/a><\/div><div class='pinhole-item col-xs-12 col-lg-4 col-md-4 col-sm-6  '><a class=\"item-link\" href=\"https:\/\/viktorvonm.com\/wp-content\/uploads\/2025\/04\/IMG_0033rw.jpg\" data-caption=\"[]\" data-meta=\"{&quot;f\\\/6.3&quot;:&quot;Aperture: f\\\/6.3&quot;,&quot;Canon EOS R10&quot;:&quot;Camera: Canon EOS R10&quot;,&quot;105mm&quot;:&quot;Focal length: 105mm&quot;,&quot;1\\\/4s&quot;:&quot;Shutter speed: 1\\\/4s&quot;}\"  data-size=\"{&quot;width&quot;:1000,&quot;height&quot;:1500}\" data-download=\"[]\" data-filename=\"{&quot;name&quot;:&quot;&quot;}\"><img loading=\"lazy\" decoding=\"async\" width=\"378\" height=\"378\" src=\"https:\/\/viktorvonm.com\/wp-content\/uploads\/2025\/04\/IMG_0033rw-378x378.jpg\" class=\"attachment-pinhole-col-3-square size-pinhole-col-3-square\" alt=\"\" srcset=\"https:\/\/viktorvonm.com\/wp-content\/uploads\/2025\/04\/IMG_0033rw-378x378.jpg 378w, https:\/\/viktorvonm.com\/wp-content\/uploads\/2025\/04\/IMG_0033rw-150x150.jpg 150w, https:\/\/viktorvonm.com\/wp-content\/uploads\/2025\/04\/IMG_0033rw-582x582.jpg 582w, https:\/\/viktorvonm.com\/wp-content\/uploads\/2025\/04\/IMG_0033rw-276x276.jpg 276w\" sizes=\"auto, (max-width: 378px) 100vw, 378px\" \/><\/a><\/div><div class='pinhole-item col-xs-12 col-lg-4 col-md-4 col-sm-6  '><a class=\"item-link\" href=\"https:\/\/viktorvonm.com\/wp-content\/uploads\/2025\/04\/IMG_0044rw.jpg\" data-caption=\"[]\" data-meta=\"{&quot;f\\\/5.6&quot;:&quot;Aperture: f\\\/5.6&quot;,&quot;Canon EOS R10&quot;:&quot;Camera: Canon EOS R10&quot;,&quot;105mm&quot;:&quot;Focal length: 105mm&quot;,&quot;1\\\/4s&quot;:&quot;Shutter speed: 1\\\/4s&quot;}\"  data-size=\"{&quot;width&quot;:1500,&quot;height&quot;:1000}\" data-download=\"[]\" data-filename=\"{&quot;name&quot;:&quot;&quot;}\"><img loading=\"lazy\" decoding=\"async\" width=\"378\" height=\"378\" src=\"https:\/\/viktorvonm.com\/wp-content\/uploads\/2025\/04\/IMG_0044rw-378x378.jpg\" class=\"attachment-pinhole-col-3-square size-pinhole-col-3-square\" alt=\"\" srcset=\"https:\/\/viktorvonm.com\/wp-content\/uploads\/2025\/04\/IMG_0044rw-378x378.jpg 378w, https:\/\/viktorvonm.com\/wp-content\/uploads\/2025\/04\/IMG_0044rw-150x150.jpg 150w, https:\/\/viktorvonm.com\/wp-content\/uploads\/2025\/04\/IMG_0044rw-582x582.jpg 582w, https:\/\/viktorvonm.com\/wp-content\/uploads\/2025\/04\/IMG_0044rw-276x276.jpg 276w\" sizes=\"auto, (max-width: 378px) 100vw, 378px\" \/><\/a><\/div><div class='pinhole-item col-xs-12 col-lg-4 col-md-4 col-sm-6  '><a class=\"item-link\" href=\"https:\/\/viktorvonm.com\/wp-content\/uploads\/2025\/04\/IMG_0045rw.jpg\" data-caption=\"[]\" data-meta=\"{&quot;f\\\/5.6&quot;:&quot;Aperture: f\\\/5.6&quot;,&quot;Canon EOS R10&quot;:&quot;Camera: Canon EOS R10&quot;,&quot;105mm&quot;:&quot;Focal length: 105mm&quot;,&quot;1\\\/4s&quot;:&quot;Shutter speed: 1\\\/4s&quot;}\"  data-size=\"{&quot;width&quot;:1500,&quot;height&quot;:1000}\" data-download=\"[]\" data-filename=\"{&quot;name&quot;:&quot;&quot;}\"><img loading=\"lazy\" decoding=\"async\" width=\"378\" height=\"378\" src=\"https:\/\/viktorvonm.com\/wp-content\/uploads\/2025\/04\/IMG_0045rw-378x378.jpg\" class=\"attachment-pinhole-col-3-square size-pinhole-col-3-square\" alt=\"\" srcset=\"https:\/\/viktorvonm.com\/wp-content\/uploads\/2025\/04\/IMG_0045rw-378x378.jpg 378w, https:\/\/viktorvonm.com\/wp-content\/uploads\/2025\/04\/IMG_0045rw-150x150.jpg 150w, https:\/\/viktorvonm.com\/wp-content\/uploads\/2025\/04\/IMG_0045rw-582x582.jpg 582w, https:\/\/viktorvonm.com\/wp-content\/uploads\/2025\/04\/IMG_0045rw-276x276.jpg 276w\" sizes=\"auto, (max-width: 378px) 100vw, 378px\" \/><\/a><\/div>\n\t\t<\/div>\n\n\n\n<figure class=\"wp-block-embed is-type-video is-provider-youtube wp-block-embed-youtube wp-embed-aspect-16-9 wp-has-aspect-ratio\"><div class=\"wp-block-embed__wrapper\">\n<iframe loading=\"lazy\" title=\"Mi Scheeni Elsass - Presentation\" width=\"1194\" height=\"672\" src=\"https:\/\/www.youtube.com\/embed\/wYl-ZBJnCgA?feature=oembed\" frameborder=\"0\" allow=\"accelerometer; autoplay; clipboard-write; encrypted-media; gyroscope; picture-in-picture; web-share\" referrerpolicy=\"strict-origin-when-cross-origin\" allowfullscreen><\/iframe>\n<\/div><\/figure>\n","protected":false},"excerpt":{"rendered":"<p>&#8220;Tout \u00e0 coup, \u00e0 un tournant de la route, une brume s\u2019est enlev\u00e9e, et j\u2019ai aper\u00e7u le munster. Il \u00e9tait six heures du matin. L\u2019\u00e9norme cath\u00e9drale, le sommet le plus haut qu\u2019ait b\u00e2ti la main de l\u2019homme apr\u00e8s la grande pyramide, se dessinait nettement sur un fond de montagnes sombres d\u2019une forme magnifique, dans lesquelles [&hellip;]<\/p>\n","protected":false},"author":1,"featured_media":1809,"parent":840,"menu_order":0,"comment_status":"closed","ping_status":"closed","template":"template-galleries.php","meta":{"_monsterinsights_skip_tracking":false,"_monsterinsights_sitenote_active":false,"_monsterinsights_sitenote_note":"","_monsterinsights_sitenote_category":0,"footnotes":""},"class_list":["post-1807","page","type-page","status-publish","has-post-thumbnail","hentry"],"_links":{"self":[{"href":"https:\/\/viktorvonm.com\/index.php\/wp-json\/wp\/v2\/pages\/1807","targetHints":{"allow":["GET"]}}],"collection":[{"href":"https:\/\/viktorvonm.com\/index.php\/wp-json\/wp\/v2\/pages"}],"about":[{"href":"https:\/\/viktorvonm.com\/index.php\/wp-json\/wp\/v2\/types\/page"}],"author":[{"embeddable":true,"href":"https:\/\/viktorvonm.com\/index.php\/wp-json\/wp\/v2\/users\/1"}],"replies":[{"embeddable":true,"href":"https:\/\/viktorvonm.com\/index.php\/wp-json\/wp\/v2\/comments?post=1807"}],"version-history":[{"count":3,"href":"https:\/\/viktorvonm.com\/index.php\/wp-json\/wp\/v2\/pages\/1807\/revisions"}],"predecessor-version":[{"id":1813,"href":"https:\/\/viktorvonm.com\/index.php\/wp-json\/wp\/v2\/pages\/1807\/revisions\/1813"}],"up":[{"embeddable":true,"href":"https:\/\/viktorvonm.com\/index.php\/wp-json\/wp\/v2\/pages\/840"}],"wp:featuredmedia":[{"embeddable":true,"href":"https:\/\/viktorvonm.com\/index.php\/wp-json\/wp\/v2\/media\/1809"}],"wp:attachment":[{"href":"https:\/\/viktorvonm.com\/index.php\/wp-json\/wp\/v2\/media?parent=1807"}],"curies":[{"name":"wp","href":"https:\/\/api.w.org\/{rel}","templated":true}]}}