{"id":1642,"date":"2022-11-09T08:48:11","date_gmt":"2022-11-09T08:48:11","guid":{"rendered":"https:\/\/viktorvonm.com\/?page_id=1642"},"modified":"2023-10-19T18:44:06","modified_gmt":"2023-10-19T18:44:06","slug":"rusalka","status":"publish","type":"page","link":"https:\/\/viktorvonm.com\/index.php\/gallery\/rusalka\/","title":{"rendered":"Rusalka"},"content":{"rendered":"\n<blockquote class=\"wp-block-quote is-layout-flow wp-block-quote-is-layout-flow\">\n<p>&#8220;Tell him, silvery moon, that I am embracing him. For at least momentarily let him recall of dreaming of me.&#8221;<\/p>\n<cite>Rusalka &#8211; Anton\u00edn Dvo\u0159\u00e1k<\/cite><\/blockquote>\n\n\n\n<p>Rusalka is a bust from from\u00a0<a rel=\"noreferrer noopener\" href=\"https:\/\/warhog.pl\/\" target=\"_blank\">Ignis Art<\/a><\/p>\n\n\n<div class='pinhole-gallery pinhole-grid pinhole-popup items-hidden  clearfix row'><div class='pinhole-item col-xs-12 col-lg-4 col-md-4 col-sm-6  '><a class=\"item-link\" href=\"https:\/\/viktorvonm.com\/wp-content\/uploads\/2022\/11\/Rusalkarw2-03.jpg\" data-caption=\"[]\" data-meta=\"{&quot;f\\\/6.3&quot;:&quot;Aperture: f\\\/6.3&quot;,&quot;Canon EOS 450D&quot;:&quot;Camera: Canon EOS 450D&quot;,&quot;105mm&quot;:&quot;Focal length: 105mm&quot;,&quot;1\\\/4s&quot;:&quot;Shutter speed: 1\\\/4s&quot;}\"  data-size=\"{&quot;width&quot;:1500,&quot;height&quot;:1000}\" data-download=\"[]\" data-filename=\"{&quot;name&quot;:&quot;&quot;}\"><img loading=\"lazy\" decoding=\"async\" width=\"378\" height=\"378\" src=\"https:\/\/viktorvonm.com\/wp-content\/uploads\/2022\/11\/Rusalkarw2-03-378x378.jpg\" class=\"attachment-pinhole-col-3-square size-pinhole-col-3-square\" alt=\"\" srcset=\"https:\/\/viktorvonm.com\/wp-content\/uploads\/2022\/11\/Rusalkarw2-03-378x378.jpg 378w, https:\/\/viktorvonm.com\/wp-content\/uploads\/2022\/11\/Rusalkarw2-03-150x150.jpg 150w, https:\/\/viktorvonm.com\/wp-content\/uploads\/2022\/11\/Rusalkarw2-03-582x582.jpg 582w, https:\/\/viktorvonm.com\/wp-content\/uploads\/2022\/11\/Rusalkarw2-03-276x276.jpg 276w\" sizes=\"auto, (max-width: 378px) 100vw, 378px\" \/><\/a><\/div><div class='pinhole-item col-xs-12 col-lg-4 col-md-4 col-sm-6  '><a class=\"item-link\" href=\"https:\/\/viktorvonm.com\/wp-content\/uploads\/2022\/11\/Rusalkarw2-02.jpg\" data-caption=\"[]\" data-meta=\"{&quot;f\\\/6.3&quot;:&quot;Aperture: f\\\/6.3&quot;,&quot;Canon EOS 450D&quot;:&quot;Camera: Canon EOS 450D&quot;,&quot;105mm&quot;:&quot;Focal length: 105mm&quot;,&quot;1\\\/4s&quot;:&quot;Shutter speed: 1\\\/4s&quot;}\"  data-size=\"{&quot;width&quot;:1500,&quot;height&quot;:1000}\" data-download=\"[]\" data-filename=\"{&quot;name&quot;:&quot;&quot;}\"><img loading=\"lazy\" decoding=\"async\" width=\"378\" height=\"378\" src=\"https:\/\/viktorvonm.com\/wp-content\/uploads\/2022\/11\/Rusalkarw2-02-378x378.jpg\" class=\"attachment-pinhole-col-3-square size-pinhole-col-3-square\" alt=\"\" srcset=\"https:\/\/viktorvonm.com\/wp-content\/uploads\/2022\/11\/Rusalkarw2-02-378x378.jpg 378w, https:\/\/viktorvonm.com\/wp-content\/uploads\/2022\/11\/Rusalkarw2-02-150x150.jpg 150w, https:\/\/viktorvonm.com\/wp-content\/uploads\/2022\/11\/Rusalkarw2-02-582x582.jpg 582w, https:\/\/viktorvonm.com\/wp-content\/uploads\/2022\/11\/Rusalkarw2-02-276x276.jpg 276w\" sizes=\"auto, (max-width: 378px) 100vw, 378px\" \/><\/a><\/div><div class='pinhole-item col-xs-12 col-lg-4 col-md-4 col-sm-6  '><a class=\"item-link\" href=\"https:\/\/viktorvonm.com\/wp-content\/uploads\/2022\/11\/Rusalkarw2-07.jpg\" data-caption=\"[]\" data-meta=\"{&quot;f\\\/6.3&quot;:&quot;Aperture: f\\\/6.3&quot;,&quot;Canon EOS 450D&quot;:&quot;Camera: Canon EOS 450D&quot;,&quot;105mm&quot;:&quot;Focal length: 105mm&quot;,&quot;1\\\/4s&quot;:&quot;Shutter speed: 1\\\/4s&quot;}\"  data-size=\"{&quot;width&quot;:1500,&quot;height&quot;:1000}\" data-download=\"[]\" data-filename=\"{&quot;name&quot;:&quot;&quot;}\"><img loading=\"lazy\" decoding=\"async\" width=\"378\" height=\"378\" src=\"https:\/\/viktorvonm.com\/wp-content\/uploads\/2022\/11\/Rusalkarw2-07-378x378.jpg\" class=\"attachment-pinhole-col-3-square size-pinhole-col-3-square\" alt=\"\" srcset=\"https:\/\/viktorvonm.com\/wp-content\/uploads\/2022\/11\/Rusalkarw2-07-378x378.jpg 378w, https:\/\/viktorvonm.com\/wp-content\/uploads\/2022\/11\/Rusalkarw2-07-150x150.jpg 150w, https:\/\/viktorvonm.com\/wp-content\/uploads\/2022\/11\/Rusalkarw2-07-582x582.jpg 582w, https:\/\/viktorvonm.com\/wp-content\/uploads\/2022\/11\/Rusalkarw2-07-276x276.jpg 276w\" sizes=\"auto, (max-width: 378px) 100vw, 378px\" \/><\/a><\/div><div class='pinhole-item col-xs-12 col-lg-4 col-md-4 col-sm-6  '><a class=\"item-link\" href=\"https:\/\/viktorvonm.com\/wp-content\/uploads\/2022\/11\/Rusalkarw2-04.jpg\" data-caption=\"[]\" data-meta=\"{&quot;f\\\/6.3&quot;:&quot;Aperture: f\\\/6.3&quot;,&quot;Canon EOS 450D&quot;:&quot;Camera: Canon EOS 450D&quot;,&quot;105mm&quot;:&quot;Focal length: 105mm&quot;,&quot;1\\\/4s&quot;:&quot;Shutter speed: 1\\\/4s&quot;}\"  data-size=\"{&quot;width&quot;:1500,&quot;height&quot;:1000}\" data-download=\"[]\" data-filename=\"{&quot;name&quot;:&quot;&quot;}\"><img loading=\"lazy\" decoding=\"async\" width=\"378\" height=\"378\" src=\"https:\/\/viktorvonm.com\/wp-content\/uploads\/2022\/11\/Rusalkarw2-04-378x378.jpg\" class=\"attachment-pinhole-col-3-square size-pinhole-col-3-square\" alt=\"\" srcset=\"https:\/\/viktorvonm.com\/wp-content\/uploads\/2022\/11\/Rusalkarw2-04-378x378.jpg 378w, https:\/\/viktorvonm.com\/wp-content\/uploads\/2022\/11\/Rusalkarw2-04-150x150.jpg 150w, https:\/\/viktorvonm.com\/wp-content\/uploads\/2022\/11\/Rusalkarw2-04-582x582.jpg 582w, https:\/\/viktorvonm.com\/wp-content\/uploads\/2022\/11\/Rusalkarw2-04-276x276.jpg 276w\" sizes=\"auto, (max-width: 378px) 100vw, 378px\" \/><\/a><\/div><div class='pinhole-item col-xs-12 col-lg-4 col-md-4 col-sm-6  '><a class=\"item-link\" href=\"https:\/\/viktorvonm.com\/wp-content\/uploads\/2022\/11\/Rusalkarw2-01.jpg\" data-caption=\"[]\" data-meta=\"{&quot;f\\\/6.3&quot;:&quot;Aperture: f\\\/6.3&quot;,&quot;Canon EOS 450D&quot;:&quot;Camera: Canon EOS 450D&quot;,&quot;105mm&quot;:&quot;Focal length: 105mm&quot;,&quot;1\\\/4s&quot;:&quot;Shutter speed: 1\\\/4s&quot;}\"  data-size=\"{&quot;width&quot;:1500,&quot;height&quot;:1000}\" data-download=\"[]\" data-filename=\"{&quot;name&quot;:&quot;&quot;}\"><img loading=\"lazy\" decoding=\"async\" width=\"378\" height=\"378\" src=\"https:\/\/viktorvonm.com\/wp-content\/uploads\/2022\/11\/Rusalkarw2-01-378x378.jpg\" class=\"attachment-pinhole-col-3-square size-pinhole-col-3-square\" alt=\"\" srcset=\"https:\/\/viktorvonm.com\/wp-content\/uploads\/2022\/11\/Rusalkarw2-01-378x378.jpg 378w, https:\/\/viktorvonm.com\/wp-content\/uploads\/2022\/11\/Rusalkarw2-01-150x150.jpg 150w, https:\/\/viktorvonm.com\/wp-content\/uploads\/2022\/11\/Rusalkarw2-01-582x582.jpg 582w, https:\/\/viktorvonm.com\/wp-content\/uploads\/2022\/11\/Rusalkarw2-01-276x276.jpg 276w\" sizes=\"auto, (max-width: 378px) 100vw, 378px\" \/><\/a><\/div><div class='pinhole-item col-xs-12 col-lg-4 col-md-4 col-sm-6  '><a class=\"item-link\" href=\"https:\/\/viktorvonm.com\/wp-content\/uploads\/2022\/11\/Rusalkarw2-08.jpg\" data-caption=\"[]\" data-meta=\"{&quot;f\\\/6.3&quot;:&quot;Aperture: f\\\/6.3&quot;,&quot;Canon EOS 450D&quot;:&quot;Camera: Canon EOS 450D&quot;,&quot;105mm&quot;:&quot;Focal length: 105mm&quot;,&quot;1\\\/4s&quot;:&quot;Shutter speed: 1\\\/4s&quot;}\"  data-size=\"{&quot;width&quot;:1500,&quot;height&quot;:1000}\" data-download=\"[]\" data-filename=\"{&quot;name&quot;:&quot;&quot;}\"><img loading=\"lazy\" decoding=\"async\" width=\"378\" height=\"378\" src=\"https:\/\/viktorvonm.com\/wp-content\/uploads\/2022\/11\/Rusalkarw2-08-378x378.jpg\" class=\"attachment-pinhole-col-3-square size-pinhole-col-3-square\" alt=\"\" srcset=\"https:\/\/viktorvonm.com\/wp-content\/uploads\/2022\/11\/Rusalkarw2-08-378x378.jpg 378w, https:\/\/viktorvonm.com\/wp-content\/uploads\/2022\/11\/Rusalkarw2-08-150x150.jpg 150w, https:\/\/viktorvonm.com\/wp-content\/uploads\/2022\/11\/Rusalkarw2-08-582x582.jpg 582w, https:\/\/viktorvonm.com\/wp-content\/uploads\/2022\/11\/Rusalkarw2-08-276x276.jpg 276w\" sizes=\"auto, (max-width: 378px) 100vw, 378px\" \/><\/a><\/div><div class='pinhole-item col-xs-12 col-lg-4 col-md-4 col-sm-6  '><a class=\"item-link\" href=\"https:\/\/viktorvonm.com\/wp-content\/uploads\/2022\/11\/Rusalkarw2-13.jpg\" data-caption=\"[]\" data-meta=\"{&quot;f\\\/6.3&quot;:&quot;Aperture: f\\\/6.3&quot;,&quot;Canon EOS 450D&quot;:&quot;Camera: Canon EOS 450D&quot;,&quot;105mm&quot;:&quot;Focal length: 105mm&quot;,&quot;1\\\/4s&quot;:&quot;Shutter speed: 1\\\/4s&quot;}\"  data-size=\"{&quot;width&quot;:1500,&quot;height&quot;:1000}\" data-download=\"[]\" data-filename=\"{&quot;name&quot;:&quot;&quot;}\"><img loading=\"lazy\" decoding=\"async\" width=\"378\" height=\"378\" src=\"https:\/\/viktorvonm.com\/wp-content\/uploads\/2022\/11\/Rusalkarw2-13-378x378.jpg\" class=\"attachment-pinhole-col-3-square size-pinhole-col-3-square\" alt=\"\" srcset=\"https:\/\/viktorvonm.com\/wp-content\/uploads\/2022\/11\/Rusalkarw2-13-378x378.jpg 378w, https:\/\/viktorvonm.com\/wp-content\/uploads\/2022\/11\/Rusalkarw2-13-150x150.jpg 150w, https:\/\/viktorvonm.com\/wp-content\/uploads\/2022\/11\/Rusalkarw2-13-582x582.jpg 582w, https:\/\/viktorvonm.com\/wp-content\/uploads\/2022\/11\/Rusalkarw2-13-276x276.jpg 276w\" sizes=\"auto, (max-width: 378px) 100vw, 378px\" \/><\/a><\/div><div class='pinhole-item col-xs-12 col-lg-4 col-md-4 col-sm-6  '><a class=\"item-link\" href=\"https:\/\/viktorvonm.com\/wp-content\/uploads\/2022\/11\/Rusalkarw2-10.jpg\" data-caption=\"[]\" data-meta=\"{&quot;f\\\/6.3&quot;:&quot;Aperture: f\\\/6.3&quot;,&quot;Canon EOS 450D&quot;:&quot;Camera: Canon EOS 450D&quot;,&quot;105mm&quot;:&quot;Focal length: 105mm&quot;,&quot;1\\\/4s&quot;:&quot;Shutter speed: 1\\\/4s&quot;}\"  data-size=\"{&quot;width&quot;:1500,&quot;height&quot;:1000}\" data-download=\"[]\" data-filename=\"{&quot;name&quot;:&quot;&quot;}\"><img loading=\"lazy\" decoding=\"async\" width=\"378\" height=\"378\" src=\"https:\/\/viktorvonm.com\/wp-content\/uploads\/2022\/11\/Rusalkarw2-10-378x378.jpg\" class=\"attachment-pinhole-col-3-square size-pinhole-col-3-square\" alt=\"\" srcset=\"https:\/\/viktorvonm.com\/wp-content\/uploads\/2022\/11\/Rusalkarw2-10-378x378.jpg 378w, https:\/\/viktorvonm.com\/wp-content\/uploads\/2022\/11\/Rusalkarw2-10-150x150.jpg 150w, https:\/\/viktorvonm.com\/wp-content\/uploads\/2022\/11\/Rusalkarw2-10-582x582.jpg 582w, https:\/\/viktorvonm.com\/wp-content\/uploads\/2022\/11\/Rusalkarw2-10-276x276.jpg 276w\" sizes=\"auto, (max-width: 378px) 100vw, 378px\" \/><\/a><\/div><div class='pinhole-item col-xs-12 col-lg-4 col-md-4 col-sm-6  '><a class=\"item-link\" href=\"https:\/\/viktorvonm.com\/wp-content\/uploads\/2022\/11\/Rusalkarw2-05.jpg\" data-caption=\"[]\" data-meta=\"{&quot;f\\\/6.3&quot;:&quot;Aperture: f\\\/6.3&quot;,&quot;Canon EOS 450D&quot;:&quot;Camera: Canon EOS 450D&quot;,&quot;105mm&quot;:&quot;Focal length: 105mm&quot;,&quot;1\\\/4s&quot;:&quot;Shutter speed: 1\\\/4s&quot;}\"  data-size=\"{&quot;width&quot;:1500,&quot;height&quot;:1000}\" data-download=\"[]\" data-filename=\"{&quot;name&quot;:&quot;&quot;}\"><img loading=\"lazy\" decoding=\"async\" width=\"378\" height=\"378\" src=\"https:\/\/viktorvonm.com\/wp-content\/uploads\/2022\/11\/Rusalkarw2-05-378x378.jpg\" class=\"attachment-pinhole-col-3-square size-pinhole-col-3-square\" alt=\"\" srcset=\"https:\/\/viktorvonm.com\/wp-content\/uploads\/2022\/11\/Rusalkarw2-05-378x378.jpg 378w, https:\/\/viktorvonm.com\/wp-content\/uploads\/2022\/11\/Rusalkarw2-05-150x150.jpg 150w, https:\/\/viktorvonm.com\/wp-content\/uploads\/2022\/11\/Rusalkarw2-05-582x582.jpg 582w, https:\/\/viktorvonm.com\/wp-content\/uploads\/2022\/11\/Rusalkarw2-05-276x276.jpg 276w\" sizes=\"auto, (max-width: 378px) 100vw, 378px\" \/><\/a><\/div><div class='pinhole-item col-xs-12 col-lg-4 col-md-4 col-sm-6  '><a class=\"item-link\" href=\"https:\/\/viktorvonm.com\/wp-content\/uploads\/2022\/11\/Rusalkarw2-06.jpg\" data-caption=\"[]\" data-meta=\"{&quot;f\\\/6.3&quot;:&quot;Aperture: f\\\/6.3&quot;,&quot;Canon EOS 450D&quot;:&quot;Camera: Canon EOS 450D&quot;,&quot;105mm&quot;:&quot;Focal length: 105mm&quot;,&quot;1\\\/4s&quot;:&quot;Shutter speed: 1\\\/4s&quot;}\"  data-size=\"{&quot;width&quot;:1500,&quot;height&quot;:1000}\" data-download=\"[]\" data-filename=\"{&quot;name&quot;:&quot;&quot;}\"><img loading=\"lazy\" decoding=\"async\" width=\"378\" height=\"378\" src=\"https:\/\/viktorvonm.com\/wp-content\/uploads\/2022\/11\/Rusalkarw2-06-378x378.jpg\" class=\"attachment-pinhole-col-3-square size-pinhole-col-3-square\" alt=\"\" srcset=\"https:\/\/viktorvonm.com\/wp-content\/uploads\/2022\/11\/Rusalkarw2-06-378x378.jpg 378w, https:\/\/viktorvonm.com\/wp-content\/uploads\/2022\/11\/Rusalkarw2-06-150x150.jpg 150w, https:\/\/viktorvonm.com\/wp-content\/uploads\/2022\/11\/Rusalkarw2-06-582x582.jpg 582w, https:\/\/viktorvonm.com\/wp-content\/uploads\/2022\/11\/Rusalkarw2-06-276x276.jpg 276w\" sizes=\"auto, (max-width: 378px) 100vw, 378px\" \/><\/a><\/div><div class='pinhole-item col-xs-12 col-lg-4 col-md-4 col-sm-6  '><a class=\"item-link\" href=\"https:\/\/viktorvonm.com\/wp-content\/uploads\/2022\/11\/Rusalkarw2-12.jpg\" data-caption=\"[]\" data-meta=\"{&quot;f\\\/6.3&quot;:&quot;Aperture: f\\\/6.3&quot;,&quot;Canon EOS 450D&quot;:&quot;Camera: Canon EOS 450D&quot;,&quot;105mm&quot;:&quot;Focal length: 105mm&quot;,&quot;1\\\/4s&quot;:&quot;Shutter speed: 1\\\/4s&quot;}\"  data-size=\"{&quot;width&quot;:1500,&quot;height&quot;:1000}\" data-download=\"[]\" data-filename=\"{&quot;name&quot;:&quot;&quot;}\"><img loading=\"lazy\" decoding=\"async\" width=\"378\" height=\"378\" src=\"https:\/\/viktorvonm.com\/wp-content\/uploads\/2022\/11\/Rusalkarw2-12-378x378.jpg\" class=\"attachment-pinhole-col-3-square size-pinhole-col-3-square\" alt=\"\" srcset=\"https:\/\/viktorvonm.com\/wp-content\/uploads\/2022\/11\/Rusalkarw2-12-378x378.jpg 378w, https:\/\/viktorvonm.com\/wp-content\/uploads\/2022\/11\/Rusalkarw2-12-150x150.jpg 150w, https:\/\/viktorvonm.com\/wp-content\/uploads\/2022\/11\/Rusalkarw2-12-582x582.jpg 582w, https:\/\/viktorvonm.com\/wp-content\/uploads\/2022\/11\/Rusalkarw2-12-276x276.jpg 276w\" sizes=\"auto, (max-width: 378px) 100vw, 378px\" \/><\/a><\/div><div class='pinhole-item col-xs-12 col-lg-4 col-md-4 col-sm-6  '><a class=\"item-link\" href=\"https:\/\/viktorvonm.com\/wp-content\/uploads\/2022\/11\/Rusalkarw2-09.jpg\" data-caption=\"[]\" data-meta=\"{&quot;f\\\/6.3&quot;:&quot;Aperture: f\\\/6.3&quot;,&quot;Canon EOS 450D&quot;:&quot;Camera: Canon EOS 450D&quot;,&quot;105mm&quot;:&quot;Focal length: 105mm&quot;,&quot;1\\\/4s&quot;:&quot;Shutter speed: 1\\\/4s&quot;}\"  data-size=\"{&quot;width&quot;:1500,&quot;height&quot;:1000}\" data-download=\"[]\" data-filename=\"{&quot;name&quot;:&quot;&quot;}\"><img loading=\"lazy\" decoding=\"async\" width=\"378\" height=\"378\" src=\"https:\/\/viktorvonm.com\/wp-content\/uploads\/2022\/11\/Rusalkarw2-09-378x378.jpg\" class=\"attachment-pinhole-col-3-square size-pinhole-col-3-square\" alt=\"\" srcset=\"https:\/\/viktorvonm.com\/wp-content\/uploads\/2022\/11\/Rusalkarw2-09-378x378.jpg 378w, https:\/\/viktorvonm.com\/wp-content\/uploads\/2022\/11\/Rusalkarw2-09-150x150.jpg 150w, https:\/\/viktorvonm.com\/wp-content\/uploads\/2022\/11\/Rusalkarw2-09-582x582.jpg 582w, https:\/\/viktorvonm.com\/wp-content\/uploads\/2022\/11\/Rusalkarw2-09-276x276.jpg 276w\" sizes=\"auto, (max-width: 378px) 100vw, 378px\" \/><\/a><\/div><div class='pinhole-item col-xs-12 col-lg-4 col-md-4 col-sm-6  '><a class=\"item-link\" href=\"https:\/\/viktorvonm.com\/wp-content\/uploads\/2022\/11\/Rusalkarw2-11.jpg\" data-caption=\"[]\" data-meta=\"{&quot;f\\\/6.3&quot;:&quot;Aperture: f\\\/6.3&quot;,&quot;Canon EOS 450D&quot;:&quot;Camera: Canon EOS 450D&quot;,&quot;105mm&quot;:&quot;Focal length: 105mm&quot;,&quot;1\\\/4s&quot;:&quot;Shutter speed: 1\\\/4s&quot;}\"  data-size=\"{&quot;width&quot;:1500,&quot;height&quot;:1000}\" data-download=\"[]\" data-filename=\"{&quot;name&quot;:&quot;&quot;}\"><img loading=\"lazy\" decoding=\"async\" width=\"378\" height=\"378\" src=\"https:\/\/viktorvonm.com\/wp-content\/uploads\/2022\/11\/Rusalkarw2-11-378x378.jpg\" class=\"attachment-pinhole-col-3-square size-pinhole-col-3-square\" alt=\"\" srcset=\"https:\/\/viktorvonm.com\/wp-content\/uploads\/2022\/11\/Rusalkarw2-11-378x378.jpg 378w, https:\/\/viktorvonm.com\/wp-content\/uploads\/2022\/11\/Rusalkarw2-11-150x150.jpg 150w, https:\/\/viktorvonm.com\/wp-content\/uploads\/2022\/11\/Rusalkarw2-11-582x582.jpg 582w, https:\/\/viktorvonm.com\/wp-content\/uploads\/2022\/11\/Rusalkarw2-11-276x276.jpg 276w\" sizes=\"auto, (max-width: 378px) 100vw, 378px\" \/><\/a><\/div>\n\t\t<\/div>\n","protected":false},"excerpt":{"rendered":"<p>&#8220;Tell him, silvery moon, that I am embracing him. For at least momentarily let him recall of dreaming of me.&#8221; Rusalka &#8211; Anton\u00edn Dvo\u0159\u00e1k Rusalka is a bust from from\u00a0Ignis Art<\/p>\n","protected":false},"author":1,"featured_media":1647,"parent":840,"menu_order":0,"comment_status":"closed","ping_status":"closed","template":"template-galleries.php","meta":{"_monsterinsights_skip_tracking":false,"_monsterinsights_sitenote_active":false,"_monsterinsights_sitenote_note":"","_monsterinsights_sitenote_category":0,"footnotes":""},"class_list":["post-1642","page","type-page","status-publish","has-post-thumbnail","hentry"],"_links":{"self":[{"href":"https:\/\/viktorvonm.com\/index.php\/wp-json\/wp\/v2\/pages\/1642","targetHints":{"allow":["GET"]}}],"collection":[{"href":"https:\/\/viktorvonm.com\/index.php\/wp-json\/wp\/v2\/pages"}],"about":[{"href":"https:\/\/viktorvonm.com\/index.php\/wp-json\/wp\/v2\/types\/page"}],"author":[{"embeddable":true,"href":"https:\/\/viktorvonm.com\/index.php\/wp-json\/wp\/v2\/users\/1"}],"replies":[{"embeddable":true,"href":"https:\/\/viktorvonm.com\/index.php\/wp-json\/wp\/v2\/comments?post=1642"}],"version-history":[{"count":6,"href":"https:\/\/viktorvonm.com\/index.php\/wp-json\/wp\/v2\/pages\/1642\/revisions"}],"predecessor-version":[{"id":1755,"href":"https:\/\/viktorvonm.com\/index.php\/wp-json\/wp\/v2\/pages\/1642\/revisions\/1755"}],"up":[{"embeddable":true,"href":"https:\/\/viktorvonm.com\/index.php\/wp-json\/wp\/v2\/pages\/840"}],"wp:featuredmedia":[{"embeddable":true,"href":"https:\/\/viktorvonm.com\/index.php\/wp-json\/wp\/v2\/media\/1647"}],"wp:attachment":[{"href":"https:\/\/viktorvonm.com\/index.php\/wp-json\/wp\/v2\/media?parent=1642"}],"curies":[{"name":"wp","href":"https:\/\/api.w.org\/{rel}","templated":true}]}}